{"id":468,"date":"2026-02-24T17:23:06","date_gmt":"2026-02-24T17:23:06","guid":{"rendered":"https:\/\/moonlightschool.es\/?page_id=468"},"modified":"2026-02-24T17:46:13","modified_gmt":"2026-02-24T17:46:13","slug":"aviso-legal","status":"publish","type":"page","link":"https:\/\/moonlightschool.es\/en\/aviso-legal\/","title":{"rendered":"Aviso Legal"},"content":{"rendered":"<div data-elementor-type=\"wp-page\" data-elementor-id=\"468\" class=\"elementor elementor-468\" data-elementor-post-type=\"page\">\n\t\t\t\t<div class=\"elementor-element elementor-element-cdd4b75 e-flex e-con-boxed e-con e-parent\" data-id=\"cdd4b75\" data-element_type=\"container\" data-e-type=\"container\">\n\t\t\t\t\t<div class=\"e-con-inner\">\n\t\t\t\t<div class=\"elementor-element elementor-element-f53553c elementor-widget elementor-widget-text-editor\" data-id=\"f53553c\" data-element_type=\"widget\" data-e-type=\"widget\" data-widget_type=\"text-editor.default\">\n\t\t\t\t\t\t\t\t\t<h1 style=\"text-align: center;\"><b>AVISO LEGAL<\/b><\/h1><h3>\u00a0<\/h3><h3><b>1. DATOS IDENTIFICATIVOS<\/b><\/h3><p><span style=\"font-weight: 400;\">En cumplimiento con el deber de informaci\u00f3n recogido en art\u00edculo 10 de la Ley 34\/2002, de 11 de julio, de Servicios de la Sociedad de la Informaci\u00f3n y del Comercio Electr\u00f3nico, a continuaci\u00f3n se reflejan los siguientes datos:<\/span><\/p><ul><li style=\"font-weight: 400;\" aria-level=\"1\"><b>Titular de la web:<\/b> <span style=\"font-weight: 400;\">Moonlight International School<\/span><\/li><li style=\"font-weight: 400;\" aria-level=\"1\"><b>NIF\/CIF:<\/b><b>B75688929<\/b><\/li><li style=\"font-weight: 400;\" aria-level=\"1\"><b>Domicilio:<\/b> <span style=\"font-weight: 400;\">Calle Nuestra Se\u00f1ora de Belvis, 10-1<\/span><\/li><li style=\"font-weight: 400;\" aria-level=\"1\"><b>Correo electr\u00f3nico de contacto:<\/b> <span style=\"font-weight: 400;\">\u00a0direccion@moonlightschool.es<\/span><\/li><li style=\"font-weight: 400;\" aria-level=\"1\"><b>Nombre del sitio web:<\/b><span style=\"font-weight: 400;\"> moonlightschool.es<\/span><\/li><\/ul><h3>\u00a0<\/h3><h3><b>2. USUARIOS<\/b><\/h3><p><span style=\"font-weight: 400;\">El acceso y\/o uso de este portal de <\/span><b>Moonlight International School<\/b><span style=\"font-weight: 400;\"> atribuye la condici\u00f3n de USUARIO, que acepta, desde dicho acceso y\/o uso, las Condiciones Generales de Uso aqu\u00ed reflejadas.<\/span><\/p><h3>\u00a0<\/h3><h3><b>3. USO DEL PORTAL<\/b><\/h3><p><span style=\"font-weight: 400;\">moonlightschool.es<\/span><span style=\"font-weight: 400;\"> proporciona el acceso a multitud de informaciones, servicios o datos (en adelante, \u00ablos contenidos\u00bb) en Internet pertenecientes a <\/span><b>Moonlight International School<\/b><span style=\"font-weight: 400;\">. El USUARIO asume la responsabilidad del uso del portal. Dicha responsabilidad se extiende al registro que fuese necesario para acceder a determinados servicios o contenidos.<\/span><\/p><h3>\u00a0<\/h3><h3><b>4. PROTECCI\u00d3N DE DATOS<\/b><\/h3><p><b>Moonlight International School<\/b><span style=\"font-weight: 400;\"> cumple con las directrices del Reglamento General de Protecci\u00f3n de Datos (RGPD) y dem\u00e1s normativa vigente, velando por garantizar un correcto uso y tratamiento de los datos personales del usuario. Para ello, junto a cada formulario de recabo de datos de car\u00e1cter personal, se har\u00e1 saber al usuario de la existencia y aceptaci\u00f3n de las condiciones particulares del tratamiento de sus datos en cada caso.<\/span><\/p><p><i><span style=\"font-weight: 400;\">(Para m\u00e1s informaci\u00f3n, consulte nuestra <\/span><\/i><a href=\"https:\/\/moonlightschool.es\/en\/politica-de-privacidad\/\"><b><i>Pol\u00edtica de Privacidad<\/i><\/b><\/a><i><span style=\"font-weight: 400;\">).<\/span><\/i><\/p><h3>\u00a0<\/h3><h3><b>5. PROPIEDAD INTELECTUAL E INDUSTRIAL<\/b><\/h3><p><b>Moonlight International School<\/b><span style=\"font-weight: 400;\"> es titular de todos los derechos de propiedad intelectual e industrial de su p\u00e1gina web, as\u00ed como de los elementos contenidos en la misma (a t\u00edtulo enunciativo: im\u00e1genes, sonido, audio, v\u00eddeo, software o textos; marcas o logotipos, combinaciones de colores, estructura y dise\u00f1o, etc.). Queda expresamente prohibida la reproducci\u00f3n, distribuci\u00f3n y comunicaci\u00f3n p\u00fablica de la totalidad o parte de los contenidos de esta p\u00e1gina web con fines comerciales, en cualquier soporte y por cualquier medio t\u00e9cnico, sin la autorizaci\u00f3n de la titular.<\/span><\/p><h3>\u00a0<\/h3><h3><b>6. EXCLUSI\u00d3N DE GARANT\u00cdAS Y RESPONSABILIDAD<\/b><\/h3><p><b>Moonlight International School<\/b><span style=\"font-weight: 400;\"> no se hace responsable, en ning\u00fan caso, de los da\u00f1os y perjuicios de cualquier naturaleza que pudieran ocasionar, a t\u00edtulo enunciativo: errores u omisiones en los contenidos, falta de disponibilidad del portal o la transmisi\u00f3n de virus o programas maliciosos o lesivos en los contenidos, a pesar de haber adoptado todas las medidas tecnol\u00f3gicas necesarias para evitarlo.<\/span><\/p><h3>\u00a0<\/h3><h3><b>7. MODIFICACIONES<\/b><\/h3><p><b>Moonlight International School<\/b><span style=\"font-weight: 400;\"> se reserva el derecho de efectuar sin previo aviso las modificaciones que considere oportunas en su portal, pudiendo cambiar, suprimir o a\u00f1adir tanto los contenidos y servicios que se presten a trav\u00e9s de la misma como la forma en la que \u00e9stos aparezcan presentados o localizados en su portal.<\/span><\/p><h3>\u00a0<\/h3><h3><b>8. ENLACES<\/b><\/h3><p><span style=\"font-weight: 400;\">En el caso de que en <\/span><span style=\"font-weight: 400;\">moonlightschool.es<\/span><span style=\"font-weight: 400;\"> se dispusiesen enlaces o hiperv\u00ednculos hac\u00eda otros sitios de Internet, <\/span><b>Moonlight International School<\/b><span style=\"font-weight: 400;\"> no ejercer\u00e1 ning\u00fan tipo de control sobre dichos sitios y contenidos.<\/span><\/p><h3>\u00a0<\/h3><h3><b>9. LEGISLACI\u00d3N APLICABLE Y JURISDICCI\u00d3N<\/b><\/h3><p><span style=\"font-weight: 400;\">La relaci\u00f3n entre <\/span><b>Moonlight International School<\/b><span style=\"font-weight: 400;\"> y el USUARIO se regir\u00e1 por la normativa espa\u00f1ola vigente y cualquier controversia se someter\u00e1 a los Juzgados y tribunales de la ciudad de Paracuellos de Jarama, Madrid.<\/span><\/p>\t\t\t\t\t\t\t\t<\/div>\n\t\t\t\t\t<\/div>\n\t\t\t\t<\/div>\n\t\t\t\t<\/div>","protected":false},"excerpt":{"rendered":"<p>AVISO LEGAL \u00a0 1. DATOS IDENTIFICATIVOS En cumplimiento con el deber de informaci\u00f3n recogido en art\u00edculo 10 de la Ley 34\/2002, de 11 de julio, de Servicios de la Sociedad de la Informaci\u00f3n y del Comercio Electr\u00f3nico, a continuaci\u00f3n se reflejan los siguientes datos: Titular de la web: Moonlight International School NIF\/CIF:B75688929 Domicilio: Calle Nuestra [&hellip;]<\/p>\n","protected":false},"author":1,"featured_media":0,"parent":0,"menu_order":0,"comment_status":"closed","ping_status":"closed","template":"elementor_header_footer","meta":{"footnotes":""},"class_list":["post-468","page","type-page","status-publish","hentry"],"_links":{"self":[{"href":"https:\/\/moonlightschool.es\/en\/wp-json\/wp\/v2\/pages\/468","targetHints":{"allow":["GET"]}}],"collection":[{"href":"https:\/\/moonlightschool.es\/en\/wp-json\/wp\/v2\/pages"}],"about":[{"href":"https:\/\/moonlightschool.es\/en\/wp-json\/wp\/v2\/types\/page"}],"author":[{"embeddable":true,"href":"https:\/\/moonlightschool.es\/en\/wp-json\/wp\/v2\/users\/1"}],"replies":[{"embeddable":true,"href":"https:\/\/moonlightschool.es\/en\/wp-json\/wp\/v2\/comments?post=468"}],"version-history":[{"count":0,"href":"https:\/\/moonlightschool.es\/en\/wp-json\/wp\/v2\/pages\/468\/revisions"}],"wp:attachment":[{"href":"https:\/\/moonlightschool.es\/en\/wp-json\/wp\/v2\/media?parent=468"}],"curies":[{"name":"wp","href":"https:\/\/api.w.org\/{rel}","templated":true}]}}