{"id":974,"date":"2026-04-06T09:24:29","date_gmt":"2026-04-06T09:24:29","guid":{"rendered":"https:\/\/moonlightschool.es\/?page_id=974"},"modified":"2026-05-01T09:01:02","modified_gmt":"2026-05-01T09:01:02","slug":"contacto","status":"publish","type":"page","link":"https:\/\/moonlightschool.es\/en\/contacto\/","title":{"rendered":"Contacto y Visitas Privadas"},"content":{"rendered":"\t\t<div data-elementor-type=\"wp-page\" data-elementor-id=\"974\" class=\"elementor elementor-974\" data-elementor-post-type=\"page\">\n\t\t\t\t<div class=\"elementor-element elementor-element-373ee0ce e-flex e-con-boxed e-con e-parent\" data-id=\"373ee0ce\" data-element_type=\"container\" data-e-type=\"container\" data-settings=\"{&quot;background_background&quot;:&quot;classic&quot;}\">\n\t\t\t\t\t<div class=\"e-con-inner\">\n\t\t<div class=\"elementor-element elementor-element-58359f4c e-con-full e-flex e-con e-child\" data-id=\"58359f4c\" data-element_type=\"container\" data-e-type=\"container\">\n\t\t\t\t<div class=\"elementor-element elementor-element-4e74b081 e-transform elementor-widget elementor-widget-image\" data-id=\"4e74b081\" data-element_type=\"widget\" data-e-type=\"widget\" data-settings=\"{&quot;_transform_rotateZ_effect&quot;:{&quot;unit&quot;:&quot;px&quot;,&quot;size&quot;:-9,&quot;sizes&quot;:[]},&quot;motion_fx_motion_fx_scrolling&quot;:&quot;yes&quot;,&quot;motion_fx_translateY_effect&quot;:&quot;yes&quot;,&quot;motion_fx_translateY_speed&quot;:{&quot;unit&quot;:&quot;px&quot;,&quot;size&quot;:2.5,&quot;sizes&quot;:[]},&quot;motion_fx_translateX_effect&quot;:&quot;yes&quot;,&quot;motion_fx_translateX_speed&quot;:{&quot;unit&quot;:&quot;px&quot;,&quot;size&quot;:2.5,&quot;sizes&quot;:[]},&quot;motion_fx_translateY_affectedRange&quot;:{&quot;unit&quot;:&quot;%&quot;,&quot;size&quot;:&quot;&quot;,&quot;sizes&quot;:{&quot;start&quot;:0,&quot;end&quot;:100}},&quot;motion_fx_translateX_affectedRange&quot;:{&quot;unit&quot;:&quot;%&quot;,&quot;size&quot;:&quot;&quot;,&quot;sizes&quot;:{&quot;start&quot;:0,&quot;end&quot;:100}},&quot;motion_fx_devices&quot;:[&quot;desktop&quot;,&quot;tablet&quot;,&quot;mobile&quot;],&quot;_transform_rotateZ_effect_tablet&quot;:{&quot;unit&quot;:&quot;deg&quot;,&quot;size&quot;:&quot;&quot;,&quot;sizes&quot;:[]},&quot;_transform_rotateZ_effect_mobile&quot;:{&quot;unit&quot;:&quot;deg&quot;,&quot;size&quot;:&quot;&quot;,&quot;sizes&quot;:[]}}\" data-widget_type=\"image.default\">\n\t\t\t\t\t\t\t\t\t\t\t\t\t\t\t<img decoding=\"async\" src=\"https:\/\/moonlightschool.es\/wp-content\/uploads\/elementor\/thumbs\/Pilar-7-rj0hakvel6uavf7g1h16alq1pvc080b60wq9v6xzoo.webp\" title=\"Pilar-7\" alt=\"Pilar-7\" loading=\"lazy\" \/>\t\t\t\t\t\t\t\t\t\t\t\t\t\t\t<\/div>\n\t\t\t\t<div class=\"elementor-element elementor-element-fc9cd5f elementor-widget elementor-widget-heading\" data-id=\"fc9cd5f\" data-element_type=\"widget\" data-e-type=\"widget\" data-widget_type=\"heading.default\">\n\t\t\t\t\t<h1 class=\"elementor-heading-title elementor-size-default\">Estamos aqu\u00ed para escuchar vuestra historia<\/h1>\t\t\t\t<\/div>\n\t\t\t\t<div class=\"elementor-element elementor-element-da7d2a4 elementor-widget elementor-widget-text-editor\" data-id=\"da7d2a4\" data-element_type=\"widget\" data-e-type=\"widget\" data-widget_type=\"text-editor.default\">\n\t\t\t\t\t\t\t\t\t<p><span style=\"font-weight: 400;\">Sabemos que elegir el colegio de tus hijos es una de las decisiones m\u00e1s importantes de vuestra vida familiar. Por eso en Moonlight International School, invitamos a las familias interesadas a conversar personalmente con nosotros. Queremos ser el lugar donde vuestras dudas encuentren respuesta y vuestras expectativas encuentren un hogar.<\/span><\/p>\t\t\t\t\t\t\t\t<\/div>\n\t\t\t\t<div class=\"elementor-element elementor-element-61363cfc e-transform elementor-widget elementor-widget-image\" data-id=\"61363cfc\" data-element_type=\"widget\" data-e-type=\"widget\" data-settings=\"{&quot;_transform_rotateZ_effect&quot;:{&quot;unit&quot;:&quot;px&quot;,&quot;size&quot;:-9,&quot;sizes&quot;:[]},&quot;motion_fx_motion_fx_scrolling&quot;:&quot;yes&quot;,&quot;motion_fx_translateY_effect&quot;:&quot;yes&quot;,&quot;motion_fx_translateY_direction&quot;:&quot;negative&quot;,&quot;motion_fx_translateY_speed&quot;:{&quot;unit&quot;:&quot;px&quot;,&quot;size&quot;:2.5,&quot;sizes&quot;:[]},&quot;motion_fx_translateX_effect&quot;:&quot;yes&quot;,&quot;motion_fx_translateX_direction&quot;:&quot;negative&quot;,&quot;motion_fx_translateX_speed&quot;:{&quot;unit&quot;:&quot;px&quot;,&quot;size&quot;:2.5,&quot;sizes&quot;:[]},&quot;motion_fx_translateY_affectedRange&quot;:{&quot;unit&quot;:&quot;%&quot;,&quot;size&quot;:&quot;&quot;,&quot;sizes&quot;:{&quot;start&quot;:0,&quot;end&quot;:100}},&quot;motion_fx_translateX_affectedRange&quot;:{&quot;unit&quot;:&quot;%&quot;,&quot;size&quot;:&quot;&quot;,&quot;sizes&quot;:{&quot;start&quot;:0,&quot;end&quot;:100}},&quot;motion_fx_devices&quot;:[&quot;desktop&quot;,&quot;tablet&quot;,&quot;mobile&quot;],&quot;_transform_rotateZ_effect_tablet&quot;:{&quot;unit&quot;:&quot;deg&quot;,&quot;size&quot;:&quot;&quot;,&quot;sizes&quot;:[]},&quot;_transform_rotateZ_effect_mobile&quot;:{&quot;unit&quot;:&quot;deg&quot;,&quot;size&quot;:&quot;&quot;,&quot;sizes&quot;:[]}}\" data-widget_type=\"image.default\">\n\t\t\t\t\t\t\t\t\t\t\t\t\t\t\t<img decoding=\"async\" src=\"https:\/\/moonlightschool.es\/wp-content\/uploads\/elementor\/thumbs\/Pilar-7-rj0hakvel6uavf7g1h16alq1pvc080b60wq9v6xzoo.webp\" title=\"Pilar-7\" alt=\"Pilar-7\" loading=\"lazy\" \/>\t\t\t\t\t\t\t\t\t\t\t\t\t\t\t<\/div>\n\t\t\t\t<\/div>\n\t\t\t\t\t<\/div>\n\t\t\t\t<\/div>\n\t\t<div class=\"elementor-element elementor-element-50ca731a e-flex e-con-boxed e-con e-parent\" data-id=\"50ca731a\" data-element_type=\"container\" data-e-type=\"container\" data-settings=\"{&quot;background_background&quot;:&quot;classic&quot;}\">\n\t\t\t\t\t<div class=\"e-con-inner\">\n\t\t<div class=\"elementor-element elementor-element-49b9f1ab e-con-full e-flex e-con e-child\" data-id=\"49b9f1ab\" data-element_type=\"container\" data-e-type=\"container\">\n\t\t\t\t<div class=\"elementor-element elementor-element-459aecae elementor-pagination-position-outside elementor-widget elementor-widget-image-carousel\" data-id=\"459aecae\" data-element_type=\"widget\" data-e-type=\"widget\" data-settings=\"{&quot;navigation&quot;:&quot;dots&quot;,&quot;image_spacing_custom&quot;:{&quot;unit&quot;:&quot;px&quot;,&quot;size&quot;:10,&quot;sizes&quot;:[]},&quot;autoplay&quot;:&quot;yes&quot;,&quot;pause_on_hover&quot;:&quot;yes&quot;,&quot;pause_on_interaction&quot;:&quot;yes&quot;,&quot;autoplay_speed&quot;:5000,&quot;infinite&quot;:&quot;yes&quot;,&quot;speed&quot;:500,&quot;image_spacing_custom_tablet&quot;:{&quot;unit&quot;:&quot;px&quot;,&quot;size&quot;:&quot;&quot;,&quot;sizes&quot;:[]},&quot;image_spacing_custom_mobile&quot;:{&quot;unit&quot;:&quot;px&quot;,&quot;size&quot;:&quot;&quot;,&quot;sizes&quot;:[]}}\" data-widget_type=\"image-carousel.default\">\n\t\t\t\t\t\t\t<div class=\"elementor-image-carousel-wrapper swiper\" role=\"region\" aria-roledescription=\"carousel\" aria-label=\"Carrusel de im\u00e1genes\" dir=\"ltr\">\n\t\t\t<div class=\"elementor-image-carousel swiper-wrapper\" aria-live=\"off\">\n\t\t\t\t\t\t\t\t<div class=\"swiper-slide\" role=\"group\" aria-roledescription=\"slide\" aria-label=\"1 of 9\"><a data-elementor-open-lightbox=\"yes\" data-elementor-lightbox-slideshow=\"459aecae\" data-elementor-lightbox-title=\"Nuestro cole\" data-e-action-hash=\"#elementor-action%3Aaction%3Dlightbox%26settings%3DeyJpZCI6ODc2LCJ1cmwiOiJodHRwczpcL1wvbW9vbmxpZ2h0c2Nob29sLmVzXC93cC1jb250ZW50XC91cGxvYWRzXC9FTlRSQURBLUNPTEUtMS53ZWJwIiwic2xpZGVzaG93IjoiNDU5YWVjYWUifQ%3D%3D\" href=\"https:\/\/moonlightschool.es\/wp-content\/uploads\/ENTRADA-COLE-1.webp\"><figure class=\"swiper-slide-inner\"><img decoding=\"async\" class=\"swiper-slide-image\" src=\"https:\/\/moonlightschool.es\/wp-content\/uploads\/elementor\/thumbs\/ENTRADA-COLE-1-rla4csuet5i9x6jul8wpii9cbrbjkxs3vtnjzfluac.webp\" alt=\"Moonlight International School es un cole acogedor donde apostamos por una educaci\u00f3n de calidad donde el estudiante evolucione en un entorno que favorezca el amor por el aprendizaje y la concentraci\u00f3n.\" \/><\/figure><\/a><\/div><div class=\"swiper-slide\" role=\"group\" aria-roledescription=\"slide\" aria-label=\"2 of 9\"><a data-elementor-open-lightbox=\"yes\" data-elementor-lightbox-slideshow=\"459aecae\" data-elementor-lightbox-title=\"Moonlight International School siempre est\u00e1 lleno de vida\" data-e-action-hash=\"#elementor-action%3Aaction%3Dlightbox%26settings%3DeyJpZCI6ODc3LCJ1cmwiOiJodHRwczpcL1wvbW9vbmxpZ2h0c2Nob29sLmVzXC93cC1jb250ZW50XC91cGxvYWRzXC9FTlRSQURBLUNPTEUtMi53ZWJwIiwic2xpZGVzaG93IjoiNDU5YWVjYWUifQ%3D%3D\" href=\"https:\/\/moonlightschool.es\/wp-content\/uploads\/ENTRADA-COLE-2.webp\"><figure class=\"swiper-slide-inner\"><img decoding=\"async\" class=\"swiper-slide-image\" src=\"https:\/\/moonlightschool.es\/wp-content\/uploads\/elementor\/thumbs\/ENTRADA-COLE-2-rla4cwlrkhnf7medzaj7shb6pat0fq718c9hwjg9lg.webp\" alt=\"Moonlight International School siempre est\u00e1 lleno de vida\" \/><\/figure><\/a><\/div><div class=\"swiper-slide\" role=\"group\" aria-roledescription=\"slide\" aria-label=\"3 of 9\"><a data-elementor-open-lightbox=\"yes\" data-elementor-lightbox-slideshow=\"459aecae\" data-elementor-lightbox-title=\"Luz y espacios di\u00e1fanos\" data-e-action-hash=\"#elementor-action%3Aaction%3Dlightbox%26settings%3DeyJpZCI6ODc0LCJ1cmwiOiJodHRwczpcL1wvbW9vbmxpZ2h0c2Nob29sLmVzXC93cC1jb250ZW50XC91cGxvYWRzXC9DYXNhLU5pbm9zLTIud2VicCIsInNsaWRlc2hvdyI6IjQ1OWFlY2FlIn0%3D\" href=\"https:\/\/moonlightschool.es\/wp-content\/uploads\/Casa-Ninos-2.webp\"><figure class=\"swiper-slide-inner\"><img decoding=\"async\" class=\"swiper-slide-image\" src=\"https:\/\/moonlightschool.es\/wp-content\/uploads\/elementor\/thumbs\/Casa-Ninos-2-rla4bhuhbfpxsog47old1u4amhr6w2lj1d19zljixg.webp\" alt=\"En Moonlight disponemos de espacios di\u00e1fanos, llenos de luz.\" \/><\/figure><\/a><\/div><div class=\"swiper-slide\" role=\"group\" aria-roledescription=\"slide\" aria-label=\"4 of 9\"><a data-elementor-open-lightbox=\"yes\" data-elementor-lightbox-slideshow=\"459aecae\" data-elementor-lightbox-title=\"Casa Nin\u0303os de ni\u00f1os. Espacio destinado a estudiantes de 3 a 6 a\u00f1os\" data-e-action-hash=\"#elementor-action%3Aaction%3Dlightbox%26settings%3DeyJpZCI6ODc1LCJ1cmwiOiJodHRwczpcL1wvbW9vbmxpZ2h0c2Nob29sLmVzXC93cC1jb250ZW50XC91cGxvYWRzXC9DYXNhLU5pbm9zLTYud2VicCIsInNsaWRlc2hvdyI6IjQ1OWFlY2FlIn0%3D\" href=\"https:\/\/moonlightschool.es\/wp-content\/uploads\/Casa-Ninos-6.webp\"><figure class=\"swiper-slide-inner\"><img decoding=\"async\" class=\"swiper-slide-image\" src=\"https:\/\/moonlightschool.es\/wp-content\/uploads\/elementor\/thumbs\/Casa-Ninos-6-rla4bllu2rv334anlq7vbt65018nqv0gdvn7wpdy8k.webp\" alt=\"Casa Nin\u0303os de ni\u00f1os. Espacio destinado a estudiantes de 3 a 6 a\u00f1os\" \/><\/figure><\/a><\/div><div class=\"swiper-slide\" role=\"group\" aria-roledescription=\"slide\" aria-label=\"5 of 9\"><a data-elementor-open-lightbox=\"yes\" data-elementor-lightbox-slideshow=\"459aecae\" data-elementor-lightbox-title=\"Nuestros estudiantes disponen de multiples materiales a la mano para llevar a cabo sus aprendizajes\" data-e-action-hash=\"#elementor-action%3Aaction%3Dlightbox%26settings%3DeyJpZCI6ODcwLCJ1cmwiOiJodHRwczpcL1wvbW9vbmxpZ2h0c2Nob29sLmVzXC93cC1jb250ZW50XC91cGxvYWRzXC9UQUxMRVItT05FLTQud2VicCIsInNsaWRlc2hvdyI6IjQ1OWFlY2FlIn0%3D\" href=\"https:\/\/moonlightschool.es\/wp-content\/uploads\/TALLER-ONE-4.webp\"><figure class=\"swiper-slide-inner\"><img decoding=\"async\" class=\"swiper-slide-image\" src=\"https:\/\/moonlightschool.es\/wp-content\/uploads\/elementor\/thumbs\/TALLER-ONE-4-rla47yy9osw89bkfsnqq7852fh4n0xlrjwyq78ro9g.webp\" alt=\"Nuestros estudiantes disponen de multiples materiales a la mano para llevar a cabo sus aprendizajes\" \/><\/figure><\/a><\/div><div class=\"swiper-slide\" role=\"group\" aria-roledescription=\"slide\" aria-label=\"6 of 9\"><a data-elementor-open-lightbox=\"yes\" data-elementor-lightbox-slideshow=\"459aecae\" data-elementor-lightbox-title=\"TALLER 1\" data-e-action-hash=\"#elementor-action%3Aaction%3Dlightbox%26settings%3DeyJpZCI6ODczLCJ1cmwiOiJodHRwczpcL1wvbW9vbmxpZ2h0c2Nob29sLmVzXC93cC1jb250ZW50XC91cGxvYWRzXC9UQUxMRVItT05FLTcud2VicCIsInNsaWRlc2hvdyI6IjQ1OWFlY2FlIn0%3D\" href=\"https:\/\/moonlightschool.es\/wp-content\/uploads\/TALLER-ONE-7.webp\"><figure class=\"swiper-slide-inner\"><img decoding=\"async\" class=\"swiper-slide-image\" src=\"https:\/\/moonlightschool.es\/wp-content\/uploads\/elementor\/thumbs\/TALLER-ONE-7-rla49zbub1nb3anb211017vk657whml3hv745jscyc.webp\" alt=\"TALLER 1\" \/><\/figure><\/a><\/div><div class=\"swiper-slide\" role=\"group\" aria-roledescription=\"slide\" aria-label=\"7 of 9\"><a data-elementor-open-lightbox=\"yes\" data-elementor-lightbox-slideshow=\"459aecae\" data-elementor-lightbox-title=\"Nuestros espacios no son aulas r\u00edgidas.\" data-e-action-hash=\"#elementor-action%3Aaction%3Dlightbox%26settings%3DeyJpZCI6ODcxLCJ1cmwiOiJodHRwczpcL1wvbW9vbmxpZ2h0c2Nob29sLmVzXC93cC1jb250ZW50XC91cGxvYWRzXC9UQUxMRVItVFdPLTQud2VicCIsInNsaWRlc2hvdyI6IjQ1OWFlY2FlIn0%3D\" href=\"https:\/\/moonlightschool.es\/wp-content\/uploads\/TALLER-TWO-4.webp\"><figure class=\"swiper-slide-inner\"><img decoding=\"async\" class=\"swiper-slide-image\" src=\"https:\/\/moonlightschool.es\/wp-content\/uploads\/elementor\/thumbs\/TALLER-TWO-4-rla48obwtbuyysjkogpnkjqigvnjsreineku5pq1lg.webp\" alt=\"Nuestros espacios no son aulas r\u00edgidas.\" \/><\/figure><\/a><\/div><div class=\"swiper-slide\" role=\"group\" aria-roledescription=\"slide\" aria-label=\"8 of 9\"><a data-elementor-open-lightbox=\"yes\" data-elementor-lightbox-slideshow=\"459aecae\" data-elementor-lightbox-title=\"TALLER TWO 2\" data-e-action-hash=\"#elementor-action%3Aaction%3Dlightbox%26settings%3DeyJpZCI6ODcyLCJ1cmwiOiJodHRwczpcL1wvbW9vbmxpZ2h0c2Nob29sLmVzXC93cC1jb250ZW50XC91cGxvYWRzXC9UQUxMRVItVFdPLTIud2VicCIsInNsaWRlc2hvdyI6IjQ1OWFlY2FlIn0%3D\" href=\"https:\/\/moonlightschool.es\/wp-content\/uploads\/TALLER-TWO-2.webp\"><figure class=\"swiper-slide-inner\"><img decoding=\"async\" class=\"swiper-slide-image\" src=\"https:\/\/moonlightschool.es\/wp-content\/uploads\/elementor\/thumbs\/TALLER-TWO-2-rla494b61igug5wd35mb8xpckfgsfm5ydlo3bf2cno.webp\" alt=\"TALLER TWO 2\" \/><\/figure><\/a><\/div><div class=\"swiper-slide\" role=\"group\" aria-roledescription=\"slide\" aria-label=\"9 of 9\"><a data-elementor-open-lightbox=\"yes\" data-elementor-lightbox-slideshow=\"459aecae\" data-elementor-lightbox-title=\"SALA MOTRIZ 1\" data-e-action-hash=\"#elementor-action%3Aaction%3Dlightbox%26settings%3DeyJpZCI6ODc4LCJ1cmwiOiJodHRwczpcL1wvbW9vbmxpZ2h0c2Nob29sLmVzXC93cC1jb250ZW50XC91cGxvYWRzXC9TQUxBLU1PVFJJWi0xLndlYnAiLCJzbGlkZXNob3ciOiI0NTlhZWNhZSJ9\" href=\"https:\/\/moonlightschool.es\/wp-content\/uploads\/SALA-MOTRIZ-1.webp\"><figure class=\"swiper-slide-inner\"><img decoding=\"async\" class=\"swiper-slide-image\" src=\"https:\/\/moonlightschool.es\/wp-content\/uploads\/elementor\/thumbs\/SALA-MOTRIZ-1-rla4d1ayintuto7k7ukcmy4ho85ui7powzixax9aqc.webp\" alt=\"SALA MOTRIZ 1\" \/><\/figure><\/a><\/div>\t\t\t<\/div>\n\t\t\t\t\t\t\t\n\t\t\t\t\t\t\t\t\t<div class=\"swiper-pagination\"><\/div>\n\t\t\t\t\t\t\t\t\t<\/div>\n\t\t\t\t\t\t<\/div>\n\t\t\t\t<\/div>\n\t\t\t\t\t<\/div>\n\t\t\t\t<\/div>\n\t\t<div class=\"elementor-element elementor-element-cb22516 e-flex e-con-boxed e-con e-parent\" data-id=\"cb22516\" data-element_type=\"container\" data-e-type=\"container\" data-settings=\"{&quot;background_background&quot;:&quot;classic&quot;}\">\n\t\t\t\t\t<div class=\"e-con-inner\">\n\t\t<div class=\"elementor-element elementor-element-6696ff88 e-con-full e-flex e-con e-child\" data-id=\"6696ff88\" data-element_type=\"container\" data-e-type=\"container\">\n\t\t\t\t<div class=\"elementor-element elementor-element-390be81c elementor-widget elementor-widget-heading\" data-id=\"390be81c\" data-element_type=\"widget\" data-e-type=\"widget\" data-widget_type=\"heading.default\">\n\t\t\t\t\t<h2 class=\"elementor-heading-title elementor-size-default\">\u00bfHablamos?<\/h2>\t\t\t\t<\/div>\n\t\t\t\t<div class=\"elementor-element elementor-element-457b3f5b elementor-widget elementor-widget-text-editor\" data-id=\"457b3f5b\" data-element_type=\"widget\" data-e-type=\"widget\" data-widget_type=\"text-editor.default\">\n\t\t\t\t\t\t\t\t\t<p><span style=\"font-weight: 400;\">Cada familia tiene una b\u00fasqueda diferente. Algunos busc\u00e1is la calma de la metodolog\u00eda Montessori, otros necesit\u00e1is un entorno que entienda la neurodiversidad y potencie el talento, y otros simplemente busc\u00e1is una comunidad pedag\u00f3gica y humana donde vuestro hijo sea feliz.<\/span><\/p><p><span style=\"font-weight: 400;\">Sea cual sea vuestra motivaci\u00f3n, estamos deseando conoceros.<\/span><\/p>\t\t\t\t\t\t\t\t<\/div>\n\t\t\t\t<\/div>\n\t\t<div class=\"elementor-element elementor-element-2c40a3b8 e-con-full e-flex e-con e-child\" data-id=\"2c40a3b8\" data-element_type=\"container\" data-e-type=\"container\">\n\t\t\t\t<div class=\"elementor-element elementor-element-1a3d2978 elementor-widget elementor-widget-heading\" data-id=\"1a3d2978\" data-element_type=\"widget\" data-e-type=\"widget\" data-widget_type=\"heading.default\">\n\t\t\t\t\t<h3 class=\"elementor-heading-title elementor-size-default\">\u00bfC\u00f3mo prefieres conectar?<\/h3>\t\t\t\t<\/div>\n\t\t\t\t<div class=\"elementor-element elementor-element-149ad7f elementor-widget elementor-widget-text-editor\" data-id=\"149ad7f\" data-element_type=\"widget\" data-e-type=\"widget\" data-widget_type=\"text-editor.default\">\n\t\t\t\t\t\t\t\t\t<p><span style=\"font-weight: 400;\"><strong>Una visita personalizada:<\/strong> La mejor forma de entendernos es ver el colegio en acci\u00f3n. Reservaremos un espacio exclusivo para vuestra familia para recorrer los Talleres y hablar con nosotros.<\/span><\/p>\n<p><span style=\"font-weight: 400;\"><strong>Dudas r\u00e1pidas por WhatsApp:<\/strong> Si necesitas una respuesta inmediata sobre plazas para el curso 26-27 o temas log\u00edsticos, puedes enviarnos un WhatsApp con tus dudas.<\/span><\/p>\n<p><span style=\"font-weight: 400;\"><strong>Env\u00edanos un correo:<\/strong> D\u00e9janos tus datos y cu\u00e9ntanos un poco sobre tu hijo\/a. Te llamaremos en menos de 24 horas laborables para charlar con calma.<\/span><\/p>\t\t\t\t\t\t\t\t<\/div>\n\t\t\t\t<\/div>\n\t\t\t\t\t<\/div>\n\t\t\t\t<\/div>\n\t\t<div class=\"elementor-element elementor-element-15804ced e-flex e-con-boxed e-con e-parent\" data-id=\"15804ced\" data-element_type=\"container\" data-e-type=\"container\" data-settings=\"{&quot;background_background&quot;:&quot;classic&quot;,&quot;shape_divider_top&quot;:&quot;waves&quot;,&quot;shape_divider_top_negative&quot;:&quot;yes&quot;,&quot;shape_divider_bottom&quot;:&quot;waves&quot;}\">\n\t\t\t\t\t<div class=\"e-con-inner\">\n\t\t\t\t<div class=\"elementor-shape elementor-shape-top\" aria-hidden=\"true\" data-negative=\"true\">\n\t\t\t<svg xmlns=\"http:\/\/www.w3.org\/2000\/svg\" viewBox=\"0 0 1000 100\" preserveAspectRatio=\"none\">\n\t<path class=\"elementor-shape-fill\" d=\"M790.5,93.1c-59.3-5.3-116.8-18-192.6-50c-29.6-12.7-76.9-31-100.5-35.9c-23.6-4.9-52.6-7.8-75.5-5.3\n\tc-10.2,1.1-22.6,1.4-50.1,7.4c-27.2,6.3-58.2,16.6-79.4,24.7c-41.3,15.9-94.9,21.9-134,22.6C72,58.2,0,25.8,0,25.8V100h1000V65.3\n\tc0,0-51.5,19.4-106.2,25.7C839.5,97,814.1,95.2,790.5,93.1z\"\/>\n<\/svg>\t\t<\/div>\n\t\t\t\t<div class=\"elementor-shape elementor-shape-bottom\" aria-hidden=\"true\" data-negative=\"false\">\n\t\t\t<svg xmlns=\"http:\/\/www.w3.org\/2000\/svg\" viewBox=\"0 0 1000 100\" preserveAspectRatio=\"none\">\n\t<path class=\"elementor-shape-fill\" d=\"M421.9,6.5c22.6-2.5,51.5,0.4,75.5,5.3c23.6,4.9,70.9,23.5,100.5,35.7c75.8,32.2,133.7,44.5,192.6,49.7\n\tc23.6,2.1,48.7,3.5,103.4-2.5c54.7-6,106.2-25.6,106.2-25.6V0H0v30.3c0,0,72,32.6,158.4,30.5c39.2-0.7,92.8-6.7,134-22.4\n\tc21.2-8.1,52.2-18.2,79.7-24.2C399.3,7.9,411.6,7.5,421.9,6.5z\"\/>\n<\/svg>\t\t<\/div>\n\t\t\t\t<div class=\"elementor-element elementor-element-2fc27091 e-transform elementor-widget elementor-widget-image\" data-id=\"2fc27091\" data-element_type=\"widget\" data-e-type=\"widget\" data-settings=\"{&quot;_transform_rotateZ_effect&quot;:{&quot;unit&quot;:&quot;px&quot;,&quot;size&quot;:-9,&quot;sizes&quot;:[]},&quot;_transform_rotateZ_effect_tablet&quot;:{&quot;unit&quot;:&quot;deg&quot;,&quot;size&quot;:&quot;&quot;,&quot;sizes&quot;:[]},&quot;_transform_rotateZ_effect_mobile&quot;:{&quot;unit&quot;:&quot;deg&quot;,&quot;size&quot;:&quot;&quot;,&quot;sizes&quot;:[]}}\" data-widget_type=\"image.default\">\n\t\t\t\t\t\t\t\t\t\t\t\t\t\t\t<img decoding=\"async\" src=\"https:\/\/moonlightschool.es\/wp-content\/uploads\/elementor\/thumbs\/Pilar-7-rj0hakvel6uavf7g1h16alq1pvc080b60wq9v6xzoo.webp\" title=\"Pilar-7\" alt=\"Pilar-7\" loading=\"lazy\" \/>\t\t\t\t\t\t\t\t\t\t\t\t\t\t\t<\/div>\n\t\t\t\t<div class=\"elementor-element elementor-element-293c19e2 elementor-widget elementor-widget-heading\" data-id=\"293c19e2\" data-element_type=\"widget\" data-e-type=\"widget\" data-widget_type=\"heading.default\">\n\t\t\t\t\t<h4 class=\"elementor-heading-title elementor-size-default\">\"En Moonlight International School, la educaci\u00f3n es un di\u00e1logo constante entre escuela y familia. Vuestro primer mensaje es el inicio de ese camino compartido\".<\/h4>\t\t\t\t<\/div>\n\t\t\t\t\t<\/div>\n\t\t\t\t<\/div>\n\t\t<div class=\"elementor-element elementor-element-805f85c e-flex e-con-boxed e-con e-parent\" data-id=\"805f85c\" data-element_type=\"container\" data-e-type=\"container\" data-settings=\"{&quot;background_background&quot;:&quot;classic&quot;}\">\n\t\t\t\t\t<div class=\"e-con-inner\">\n\t\t\t\t<div class=\"elementor-element elementor-element-53ff9202 elementor-widget elementor-widget-heading\" data-id=\"53ff9202\" data-element_type=\"widget\" data-e-type=\"widget\" data-widget_type=\"heading.default\">\n\t\t\t\t\t<h2 class=\"elementor-heading-title elementor-size-default\">\u00bfD\u00f3nde encontrarnos?<\/h2>\t\t\t\t<\/div>\n\t\t\t\t<div class=\"elementor-element elementor-element-1ea0de89 elementor-widget elementor-widget-text-editor\" data-id=\"1ea0de89\" data-element_type=\"widget\" data-e-type=\"widget\" data-widget_type=\"text-editor.default\">\n\t\t\t\t\t\t\t\t\t<p><span style=\"font-weight: 400;\">Aunque tienes los datos detallados en el pie de p\u00e1gina, recuerda que estamos situados en Paracuellos de Jarama (Madrid), un espacio acogedor dise\u00f1ado para el silencio, la luz y el aprendizaje.<\/span><\/p>\t\t\t\t\t\t\t\t<\/div>\n\t\t<div class=\"elementor-element elementor-element-2128e5b e-con-full e-flex e-con e-child\" data-id=\"2128e5b\" data-element_type=\"container\" data-e-type=\"container\">\n\t\t\t\t<div class=\"elementor-element elementor-element-634cb84 elementor-widget elementor-widget-button\" data-id=\"634cb84\" data-element_type=\"widget\" data-e-type=\"widget\" data-widget_type=\"button.default\">\n\t\t\t\t\t\t\t\t\t\t<a class=\"elementor-button elementor-button-link elementor-size-sm\" href=\"https:\/\/wa.me\/+34639362868?text=Hola%20Paula%20estoy%20interesado\/a\" target=\"_blank\" rel=\"noopener\">\n\t\t\t\t\t\t<span class=\"elementor-button-content-wrapper\">\n\t\t\t\t\t\t<span class=\"elementor-button-icon\">\n\t\t\t\t<svg aria-hidden=\"true\" class=\"e-font-icon-svg e-fab-whatsapp\" viewBox=\"0 0 448 512\" xmlns=\"http:\/\/www.w3.org\/2000\/svg\"><path d=\"M380.9 97.1C339 55.1 283.2 32 223.9 32c-122.4 0-222 99.6-222 222 0 39.1 10.2 77.3 29.6 111L0 480l117.7-30.9c32.4 17.7 68.9 27 106.1 27h.1c122.3 0 224.1-99.6 224.1-222 0-59.3-25.2-115-67.1-157zm-157 341.6c-33.2 0-65.7-8.9-94-25.7l-6.7-4-69.8 18.3L72 359.2l-4.4-7c-18.5-29.4-28.2-63.3-28.2-98.2 0-101.7 82.8-184.5 184.6-184.5 49.3 0 95.6 19.2 130.4 54.1 34.8 34.9 56.2 81.2 56.1 130.5 0 101.8-84.9 184.6-186.6 184.6zm101.2-138.2c-5.5-2.8-32.8-16.2-37.9-18-5.1-1.9-8.8-2.8-12.5 2.8-3.7 5.6-14.3 18-17.6 21.8-3.2 3.7-6.5 4.2-12 1.4-32.6-16.3-54-29.1-75.5-66-5.7-9.8 5.7-9.1 16.3-30.3 1.8-3.7.9-6.9-.5-9.7-1.4-2.8-12.5-30.1-17.1-41.2-4.5-10.8-9.1-9.3-12.5-9.5-3.2-.2-6.9-.2-10.6-.2-3.7 0-9.7 1.4-14.8 6.9-5.1 5.6-19.4 19-19.4 46.3 0 27.3 19.9 53.7 22.6 57.4 2.8 3.7 39.1 59.7 94.8 83.8 35.2 15.2 49 16.5 66.6 13.9 10.7-1.6 32.8-13.4 37.4-26.4 4.6-13 4.6-24.1 3.2-26.4-1.3-2.5-5-3.9-10.5-6.6z\"><\/path><\/svg>\t\t\t<\/span>\n\t\t\t\t\t\t\t\t\t<span class=\"elementor-button-text\">Hablar con el cole<\/span>\n\t\t\t\t\t<\/span>\n\t\t\t\t\t<\/a>\n\t\t\t\t\t\t\t\t<\/div>\n\t\t\t\t<div class=\"elementor-element elementor-element-ae21855 elementor-widget elementor-widget-button\" data-id=\"ae21855\" data-element_type=\"widget\" data-e-type=\"widget\" data-widget_type=\"button.default\">\n\t\t\t\t\t\t\t\t\t\t<a class=\"elementor-button elementor-button-link elementor-size-sm\" href=\"mailto:familias@moonlightschool.es?subject=Solicitud%20de%20informacion%20-%20Moonlight%20School\">\n\t\t\t\t\t\t<span class=\"elementor-button-content-wrapper\">\n\t\t\t\t\t\t<span class=\"elementor-button-icon\">\n\t\t\t\t<svg aria-hidden=\"true\" class=\"e-font-icon-svg e-fas-moon\" viewBox=\"0 0 512 512\" xmlns=\"http:\/\/www.w3.org\/2000\/svg\"><path d=\"M283.211 512c78.962 0 151.079-35.925 198.857-94.792 7.068-8.708-.639-21.43-11.562-19.35-124.203 23.654-238.262-71.576-238.262-196.954 0-72.222 38.662-138.635 101.498-174.394 9.686-5.512 7.25-20.197-3.756-22.23A258.156 258.156 0 0 0 283.211 0c-141.309 0-256 114.511-256 256 0 141.309 114.511 256 256 256z\"><\/path><\/svg>\t\t\t<\/span>\n\t\t\t\t\t\t\t\t\t<span class=\"elementor-button-text\">Pedir informaci\u00f3n<\/span>\n\t\t\t\t\t<\/span>\n\t\t\t\t\t<\/a>\n\t\t\t\t\t\t\t\t<\/div>\n\t\t\t\t<\/div>\n\t\t\t\t\t<\/div>\n\t\t\t\t<\/div>\n\t\t\t\t<\/div>\n\t\t","protected":false},"excerpt":{"rendered":"<p>Estamos aqu\u00ed para escuchar vuestra historia Sabemos que elegir el colegio de tus hijos es una de las decisiones m\u00e1s importantes de vuestra vida familiar. Por eso en Moonlight International School, invitamos a las familias interesadas a conversar personalmente con nosotros. Queremos ser el lugar donde vuestras dudas encuentren respuesta y vuestras expectativas encuentren un [&hellip;]<\/p>\n","protected":false},"author":1,"featured_media":0,"parent":0,"menu_order":0,"comment_status":"closed","ping_status":"closed","template":"","meta":{"footnotes":""},"class_list":["post-974","page","type-page","status-publish","hentry"],"_links":{"self":[{"href":"https:\/\/moonlightschool.es\/en\/wp-json\/wp\/v2\/pages\/974","targetHints":{"allow":["GET"]}}],"collection":[{"href":"https:\/\/moonlightschool.es\/en\/wp-json\/wp\/v2\/pages"}],"about":[{"href":"https:\/\/moonlightschool.es\/en\/wp-json\/wp\/v2\/types\/page"}],"author":[{"embeddable":true,"href":"https:\/\/moonlightschool.es\/en\/wp-json\/wp\/v2\/users\/1"}],"replies":[{"embeddable":true,"href":"https:\/\/moonlightschool.es\/en\/wp-json\/wp\/v2\/comments?post=974"}],"version-history":[{"count":0,"href":"https:\/\/moonlightschool.es\/en\/wp-json\/wp\/v2\/pages\/974\/revisions"}],"wp:attachment":[{"href":"https:\/\/moonlightschool.es\/en\/wp-json\/wp\/v2\/media?parent=974"}],"curies":[{"name":"wp","href":"https:\/\/api.w.org\/{rel}","templated":true}]}}